{"id":12,"date":"2014-07-11T13:43:47","date_gmt":"2014-07-11T13:43:47","guid":{"rendered":"https:\/\/www.bslocacoescrz.dreamhosters.com\/wp\/?page_id=12"},"modified":"2020-02-21T12:21:38","modified_gmt":"2020-02-21T15:21:38","slug":"empresa","status":"publish","type":"page","link":"https:\/\/www.bslocacoescruzeiro.com.br\/?page_id=12","title":{"rendered":"Empresa"},"content":{"rendered":"<p><img loading=\"lazy\" class=\"alignright wp-image-53 size-medium\" src=\"https:\/\/bslocacoescrz.dreamhosters.com\/wp\/wp-content\/uploads\/2014\/07\/DSC00878-300x200.jpg\" alt=\"DSC00878\" width=\"300\" height=\"200\" srcset=\"https:\/\/bslocacoescrz.dreamhosters.com\/wp\/wp-content\/uploads\/2014\/07\/DSC00878-300x200.jpg 300w, https:\/\/bslocacoescrz.dreamhosters.com\/wp\/wp-content\/uploads\/2014\/07\/DSC00878-1024x682.jpg 1024w, https:\/\/bslocacoescrz.dreamhosters.com\/wp\/wp-content\/uploads\/2014\/07\/DSC00878-660x440.jpg 660w, https:\/\/bslocacoescrz.dreamhosters.com\/wp\/wp-content\/uploads\/2014\/07\/DSC00878.jpg 1280w\" sizes=\"(max-width: 300px) 100vw, 300px\" \/>A BS Loca\u00e7\u00f5es foi fundada em 2004 \u00a0e auta no segmento de loca\u00e7\u00e3o de Caminh\u00f5es com equipamentos hidraulicos para os mais variados trabalhos, destacando-se por prestar servi\u00e7os de resgaste de cargas e transbordo. \u00a0Al\u00e9m disto, disponibilizamos servi\u00e7os de frete e transportes especiais.<\/p>\n<p>Disponibilizamos ao nosso cliente equipamentos em perfeitas condi\u00e7\u00f5es e equipe altamente capacitada para opera\u00e7\u00e3o das mesmas.<\/p>\n<p>Aguardamos seu contato para realizarmos uma an\u00e1lise e proposta de execu\u00e7\u00e3o de servi\u00e7os que melhor atendam a sua necessidade!<\/p>\n","protected":false},"excerpt":{"rendered":"<p>A BS Loca\u00e7\u00f5es foi fundada em 2004 \u00a0e auta no segmento de loca\u00e7\u00e3o de Caminh\u00f5es com equipamentos hidraulicos para os mais variados trabalhos, destacando-se por prestar servi\u00e7os de resgaste de cargas e transbordo. \u00a0Al\u00e9m disto, disponibilizamos servi\u00e7os de frete e transportes especiais. Disponibilizamos ao nosso cliente equipamentos em perfeitas condi\u00e7\u00f5es e equipe altamente capacitada para\u2026 <span class=\"read-more\"><a href=\"https:\/\/www.bslocacoescruzeiro.com.br\/?page_id=12\">Read More &raquo;<\/a><\/span><\/p>\n","protected":false},"author":1,"featured_media":0,"parent":0,"menu_order":0,"comment_status":"closed","ping_status":"open","template":"page-templates\/full-width.php","meta":[],"_links":{"self":[{"href":"https:\/\/www.bslocacoescruzeiro.com.br\/index.php?rest_route=\/wp\/v2\/pages\/12"}],"collection":[{"href":"https:\/\/www.bslocacoescruzeiro.com.br\/index.php?rest_route=\/wp\/v2\/pages"}],"about":[{"href":"https:\/\/www.bslocacoescruzeiro.com.br\/index.php?rest_route=\/wp\/v2\/types\/page"}],"author":[{"embeddable":true,"href":"https:\/\/www.bslocacoescruzeiro.com.br\/index.php?rest_route=\/wp\/v2\/users\/1"}],"replies":[{"embeddable":true,"href":"https:\/\/www.bslocacoescruzeiro.com.br\/index.php?rest_route=%2Fwp%2Fv2%2Fcomments&post=12"}],"version-history":[{"count":6,"href":"https:\/\/www.bslocacoescruzeiro.com.br\/index.php?rest_route=\/wp\/v2\/pages\/12\/revisions"}],"predecessor-version":[{"id":84,"href":"https:\/\/www.bslocacoescruzeiro.com.br\/index.php?rest_route=\/wp\/v2\/pages\/12\/revisions\/84"}],"wp:attachment":[{"href":"https:\/\/www.bslocacoescruzeiro.com.br\/index.php?rest_route=%2Fwp%2Fv2%2Fmedia&parent=12"}],"curies":[{"name":"wp","href":"https:\/\/api.w.org\/{rel}","templated":true}]}}