{"id":14,"date":"2014-07-11T13:44:08","date_gmt":"2014-07-11T13:44:08","guid":{"rendered":"https:\/\/www.bslocacoescrz.dreamhosters.com\/wp\/?page_id=14"},"modified":"2023-01-05T18:29:51","modified_gmt":"2023-01-05T21:29:51","slug":"localizacao","status":"publish","type":"page","link":"https:\/\/www.bslocacoescruzeiro.com.br\/?page_id=14","title":{"rendered":"Localiza\u00e7\u00e3o"},"content":{"rendered":"<p>Estamos em Cruzeiro &#8211; SP, na Rua Engenheiro Ant\u00f4nio Penido, 571, sala 2, Centro.<br \/>\n<iframe loading=\"lazy\" style=\"border: 0;\" src=\"https:\/\/www.google.com\/maps\/embed?pb=!1m14!1m8!1m3!1d921.0046162660394!2d-44.9583914!3d-22.5784127!3m2!1i1024!2i768!4f13.1!3m3!1m2!1s0x9df42962afbd29%3A0x2aebd0819569dd58!2sR.+Eng.+Ant%C3%B4nio+Penido%2C+580+-+Centro%2C+Cruzeiro+-+SP%2C+12701-050!5e0!3m2!1sen!2sbr!4v1426626461611\" width=\"600\" height=\"450\" frameborder=\"0\"><\/iframe><\/p>\n","protected":false},"excerpt":{"rendered":"<p>Estamos em Cruzeiro &#8211; SP, na Rua Engenheiro Ant\u00f4nio Penido, 571, sala 2, Centro.<\/p>\n","protected":false},"author":1,"featured_media":0,"parent":0,"menu_order":0,"comment_status":"closed","ping_status":"open","template":"page-templates\/full-width.php","meta":[],"_links":{"self":[{"href":"https:\/\/www.bslocacoescruzeiro.com.br\/index.php?rest_route=\/wp\/v2\/pages\/14"}],"collection":[{"href":"https:\/\/www.bslocacoescruzeiro.com.br\/index.php?rest_route=\/wp\/v2\/pages"}],"about":[{"href":"https:\/\/www.bslocacoescruzeiro.com.br\/index.php?rest_route=\/wp\/v2\/types\/page"}],"author":[{"embeddable":true,"href":"https:\/\/www.bslocacoescruzeiro.com.br\/index.php?rest_route=\/wp\/v2\/users\/1"}],"replies":[{"embeddable":true,"href":"https:\/\/www.bslocacoescruzeiro.com.br\/index.php?rest_route=%2Fwp%2Fv2%2Fcomments&post=14"}],"version-history":[{"count":6,"href":"https:\/\/www.bslocacoescruzeiro.com.br\/index.php?rest_route=\/wp\/v2\/pages\/14\/revisions"}],"predecessor-version":[{"id":89,"href":"https:\/\/www.bslocacoescruzeiro.com.br\/index.php?rest_route=\/wp\/v2\/pages\/14\/revisions\/89"}],"wp:attachment":[{"href":"https:\/\/www.bslocacoescruzeiro.com.br\/index.php?rest_route=%2Fwp%2Fv2%2Fmedia&parent=14"}],"curies":[{"name":"wp","href":"https:\/\/api.w.org\/{rel}","templated":true}]}}