{"id":16,"date":"2014-07-11T13:44:29","date_gmt":"2014-07-11T13:44:29","guid":{"rendered":"https:\/\/www.bslocacoescrz.dreamhosters.com\/wp\/?page_id=16"},"modified":"2020-02-21T12:24:18","modified_gmt":"2020-02-21T15:24:18","slug":"equipamentos","status":"publish","type":"page","link":"https:\/\/www.bslocacoescruzeiro.com.br\/?page_id=16","title":{"rendered":"Equipamentos"},"content":{"rendered":"<p>Nossa especialidade \u00e9 a loca\u00e7\u00e3o de caminh\u00f5es com bra\u00e7o hidraulico para eleva\u00e7\u00e3o de cargas, mas temos a disposi\u00e7\u00e3o caminh\u00f5es comins, empilhadeiras, palheteiras e outros equipamentos, entre em contato conosco para que possamos ajuda-lo da melhor maneira poss\u00edvel.<\/p>\n<p>Al\u00e9m dos equipamentos pr\u00f3prios, temos parceiros na regi\u00e3o para terceiriza\u00e7\u00e3o de outros equipamentos se necess\u00e1rio. Administramos os contratos, loca\u00e7\u00e3o e execu\u00e7\u00e3o dos trabalhos. Dessa forma nossos clientes n\u00e3o precisam se preocupar em gerenciar m\u00faltiplos contratos, pagamentos e etc.<\/p>\n<p>Abaixo, alguns de nossos equipamentos:<\/p>\n<h3>Caminh\u00e3o Equipado com Bra\u00e7o Hidraulico<\/h3>\n<p><a href=\"https:\/\/www.bslocacoescrz.dreamhosters.com\/wp\/wp-content\/uploads\/2014\/07\/DSC00878.jpg\"><img loading=\"lazy\" class=\"alignnone wp-image-53 size-medium\" src=\"https:\/\/bslocacoescrz.dreamhosters.com\/wp\/wp-content\/uploads\/2014\/07\/DSC00878-300x200.jpg\" alt=\"DSC00878\" width=\"300\" height=\"200\" srcset=\"https:\/\/bslocacoescrz.dreamhosters.com\/wp\/wp-content\/uploads\/2014\/07\/DSC00878-300x200.jpg 300w, https:\/\/bslocacoescrz.dreamhosters.com\/wp\/wp-content\/uploads\/2014\/07\/DSC00878-1024x682.jpg 1024w, https:\/\/bslocacoescrz.dreamhosters.com\/wp\/wp-content\/uploads\/2014\/07\/DSC00878-660x440.jpg 660w, https:\/\/bslocacoescrz.dreamhosters.com\/wp\/wp-content\/uploads\/2014\/07\/DSC00878.jpg 1280w\" sizes=\"(max-width: 300px) 100vw, 300px\" \/><\/a><\/p>\n<h3>Caminh\u00e3o Equipado com Bra\u00e7o Hidraulico<\/h3>\n<p><a href=\"https:\/\/www.bslocacoescrz.dreamhosters.com\/wp\/wp-content\/uploads\/2014\/07\/DSC01056.jpg\"><img loading=\"lazy\" class=\"alignnone wp-image-58 size-medium\" src=\"https:\/\/bslocacoescrz.dreamhosters.com\/wp\/wp-content\/uploads\/2014\/07\/DSC01056-300x225.jpg\" alt=\"DSC01056\" width=\"300\" height=\"225\" srcset=\"https:\/\/bslocacoescrz.dreamhosters.com\/wp\/wp-content\/uploads\/2014\/07\/DSC01056-300x225.jpg 300w, https:\/\/bslocacoescrz.dreamhosters.com\/wp\/wp-content\/uploads\/2014\/07\/DSC01056-1024x768.jpg 1024w, https:\/\/bslocacoescrz.dreamhosters.com\/wp\/wp-content\/uploads\/2014\/07\/DSC01056-660x495.jpg 660w, https:\/\/bslocacoescrz.dreamhosters.com\/wp\/wp-content\/uploads\/2014\/07\/DSC01056.jpg 1280w\" sizes=\"(max-width: 300px) 100vw, 300px\" \/><\/a><\/p>\n<h3>Caminh\u00e3o para Transportes Gerais<\/h3>\n<p><a href=\"https:\/\/www.bslocacoescrz.dreamhosters.com\/wp\/wp-content\/uploads\/2014\/07\/DSC01051.jpg\"><img loading=\"lazy\" class=\"alignnone wp-image-56 size-medium\" src=\"https:\/\/bslocacoescrz.dreamhosters.com\/wp\/wp-content\/uploads\/2014\/07\/DSC01051-300x225.jpg\" alt=\"DSC01051\" width=\"300\" height=\"225\" srcset=\"https:\/\/bslocacoescrz.dreamhosters.com\/wp\/wp-content\/uploads\/2014\/07\/DSC01051-300x225.jpg 300w, https:\/\/bslocacoescrz.dreamhosters.com\/wp\/wp-content\/uploads\/2014\/07\/DSC01051-1024x768.jpg 1024w, https:\/\/bslocacoescrz.dreamhosters.com\/wp\/wp-content\/uploads\/2014\/07\/DSC01051-660x495.jpg 660w, https:\/\/bslocacoescrz.dreamhosters.com\/wp\/wp-content\/uploads\/2014\/07\/DSC01051.jpg 1280w\" sizes=\"(max-width: 300px) 100vw, 300px\" \/><\/a><\/p>\n","protected":false},"excerpt":{"rendered":"<p>Nossa especialidade \u00e9 a loca\u00e7\u00e3o de caminh\u00f5es com bra\u00e7o hidraulico para eleva\u00e7\u00e3o de cargas, mas temos a disposi\u00e7\u00e3o caminh\u00f5es comins, empilhadeiras, palheteiras e outros equipamentos, entre em contato conosco para que possamos ajuda-lo da melhor maneira poss\u00edvel. Al\u00e9m dos equipamentos pr\u00f3prios, temos parceiros na regi\u00e3o para terceiriza\u00e7\u00e3o de outros equipamentos se necess\u00e1rio. Administramos os contratos,\u2026 <span class=\"read-more\"><a href=\"https:\/\/www.bslocacoescruzeiro.com.br\/?page_id=16\">Read More &raquo;<\/a><\/span><\/p>\n","protected":false},"author":1,"featured_media":0,"parent":0,"menu_order":0,"comment_status":"closed","ping_status":"open","template":"page-templates\/full-width.php","meta":[],"_links":{"self":[{"href":"https:\/\/www.bslocacoescruzeiro.com.br\/index.php?rest_route=\/wp\/v2\/pages\/16"}],"collection":[{"href":"https:\/\/www.bslocacoescruzeiro.com.br\/index.php?rest_route=\/wp\/v2\/pages"}],"about":[{"href":"https:\/\/www.bslocacoescruzeiro.com.br\/index.php?rest_route=\/wp\/v2\/types\/page"}],"author":[{"embeddable":true,"href":"https:\/\/www.bslocacoescruzeiro.com.br\/index.php?rest_route=\/wp\/v2\/users\/1"}],"replies":[{"embeddable":true,"href":"https:\/\/www.bslocacoescruzeiro.com.br\/index.php?rest_route=%2Fwp%2Fv2%2Fcomments&post=16"}],"version-history":[{"count":5,"href":"https:\/\/www.bslocacoescruzeiro.com.br\/index.php?rest_route=\/wp\/v2\/pages\/16\/revisions"}],"predecessor-version":[{"id":86,"href":"https:\/\/www.bslocacoescruzeiro.com.br\/index.php?rest_route=\/wp\/v2\/pages\/16\/revisions\/86"}],"wp:attachment":[{"href":"https:\/\/www.bslocacoescruzeiro.com.br\/index.php?rest_route=%2Fwp%2Fv2%2Fmedia&parent=16"}],"curies":[{"name":"wp","href":"https:\/\/api.w.org\/{rel}","templated":true}]}}